{"id":4974,"date":"2015-08-27T14:25:05","date_gmt":"2015-08-27T14:25:05","guid":{"rendered":"http:\/\/ebarvahaz.original-k9.de\/?page_id=4974"},"modified":"2026-01-08T14:02:49","modified_gmt":"2026-01-08T14:02:49","slug":"start-site","status":"publish","type":"page","link":"https:\/\/ebarvahaz.hu\/de\/","title":{"rendered":"Start seite"},"content":{"rendered":"<div class=\"wpb-content-wrapper\"><p>[vc_row][vc_column][vc_single_image image=&#8220;20739&#8243; img_size=&#8220;medium&#8220; alignment=&#8220;center&#8220;][\/vc_column][\/vc_row][vc_row margin_top=&#8220;0&#8243; margin_bottom=&#8220;0&#8243;][vc_column][vc_column_text]<\/p>\n<p style=\"text-align: center;\">Hier findest Du eine Seite, wo Du Daten und Bilder von allein gebliebenen, \u00a0streunenden und verwaisten oder sich vor\u00fcbergehend verwaist f\u00fchlenden Hunden siehst.<\/p>\n<p style=\"text-align: center;\"><strong>Kontonummer (<span style=\"color: #ff0000;\">EUR<\/span>)<\/strong><strong>\u00a0:<\/strong><\/p>\n<h3 style=\"text-align: center;\"><strong>HU48 107005126847755850000005<\/strong><\/h3>\n<h3 style=\"text-align: center;\">SWIFT : CIBHHUHB<\/h3>\n<p style=\"text-align: center;\"><strong>Kontonummer (<span style=\"color: #ff0000;\">HUF<\/span>):<\/strong><\/p>\n<h5 style=\"text-align: center;\"><strong>HU90 10700512-68477558-51100005<\/strong><\/h5>\n<p style=\"text-align: center;\"><a href=\"http:\/\/hundewaisenhaus.de\/?page_id=5075\">\u00dcber uns&#8230;<\/a><\/p>\n<p>&nbsp;<\/p>\n<div class=\"hr-thin\"><\/div>\n<p>[\/vc_column_text][vc_empty_space height=&#8220;40px&#8220;][\/vc_column][\/vc_row][vc_row margin_top=&#8220;0&#8243; margin_bottom=&#8220;0&#8243;][vc_column][vc_single_image image=&#8220;34032&#8243; img_size=&#8220;medium&#8220; alignment=&#8220;center&#8220; style=&#8220;vc_box_circle_2&#8243; css_animation=&#8220;fadeIn&#8220;][vc_column_text]<\/p>\n<h3 style=\"text-align: center;\">Adoptiere mich, rette ein Leben!<\/h3>\n<p style=\"text-align: center;\">Schau Dir die Liste unserer Hunde an, die einen neuen Besitzer suchen und mach einen von ihnen gl\u00fccklicher. Gib ihnen dass, was sie schon immer wollten: eine liebende Familie, ein gro\u00dfartiges Herrchen!<\/p>\n<p style=\"text-align: center;\"><a href=\"http:\/\/hundewaisenhaus.de\/?page_id=5815\">Zuhause gesucht&#8230;<\/a><\/p>\n<p style=\"text-align: center;\">\n<div class=\"hr-thin\"><\/div>\n<p>[\/vc_column_text][\/vc_column][\/vc_row][vc_row margin_top=&#8220;0&#8243; margin_bottom=&#8220;0&#8243;][vc_column][vc_single_image image=&#8220;78907&#8243; img_size=&#8220;medium&#8220; alignment=&#8220;center&#8220; style=&#8220;vc_box_rounded&#8220; css=&#8220;&#8220;][vc_column_text]<\/p>\n<h3 style=\"text-align: center;\">Sie ben\u00f6tigen ein neues Zuhause<\/h3>\n<p style=\"text-align: center;\">Wir sind in Kontakt mit Tierheimen, Abdeckern und Tier\u00e4rzten , die helfen m\u00f6chten, und die selber Hilfe ben\u00f6tigen. Wir werden versuchen, immer alle notwendigen Informationen von den Herrchensuchenden einzuholen, und hier zu teilen, stehen aber gerne und jederzeit bei jeglichen Fragen zur Verf\u00fcgung.<\/p>\n<p style=\"text-align: center;\">\n<div class=\"hr-thin\"><\/div>\n<p>[\/vc_column_text][vc_empty_space][\/vc_column][\/vc_row][vc_row type=&#8220;vc_default&#8220; margin_top=&#8220;0&#8243; margin_bottom=&#8220;0&#8243; css=&#8220;.vc_custom_1489399875516{margin-bottom: 0px !important;}&#8220;][vc_column][vc_column_text css_animation=&#8220;shake&#8220;]<\/p>\n<h1 style=\"text-align: center;\">Spenden Sie mit PayPal!<\/h1>\n<p>[\/vc_column_text][vc_column_text]<\/p>\n<form style=\"padding-left: 480px;\" action=\"https:\/\/www.paypal.com\/cgi-bin\/webscr\" method=\"post\" target=\"_top\"><input name=\"cmd\" type=\"hidden\" value=\"_s-xclick\" \/><br \/>\n<input name=\"hosted_button_id\" type=\"hidden\" value=\"W9U5X3QV5WMPL\" \/><br \/>\n<input alt=\"PayPal - The safer, easier way to pay online!\" name=\"submit\" src=\"https:\/\/www.paypalobjects.com\/en_US\/i\/btn\/btn_donateCC_LG.gif\" type=\"image\" \/><\/form>\n<p>[\/vc_column_text][vc_column_text]<\/p>\n<div class=\"hr-thin\"><\/div>\n<p>[\/vc_column_text][vc_empty_space][\/vc_column][vc_column][\/vc_column][vc_column][\/vc_column][\/vc_row][vc_row margin_top=&#8220;0&#8243; margin_bottom=&#8220;0&#8243;][vc_column]<div class=\"dt-fancy-separator h1-size\" style=\"width: 100%;\"><div class=\"dt-fancy-title\"><span class=\"separator-holder separator-left\"><\/span>Partners<span class=\"separator-holder separator-right\"><\/span><\/div><\/div>[\/vc_column][\/vc_row][vc_row margin_top=&#8220;0&#8243; margin_bottom=&#8220;0&#8243;][vc_column][vc_empty_space height=&#8220;60px&#8220;][\/vc_column][\/vc_row][vc_row margin_top=&#8220;0&#8243; margin_bottom=&#8220;0&#8243;][vc_column width=&#8220;1\/6&#8243;][vc_single_image image=&#8220;4508&#8243; img_size=&#8220;full&#8220; alignment=&#8220;center&#8220; onclick=&#8220;custom_link&#8220; img_link_target=&#8220;_blank&#8220; link=&#8220;http:\/\/julius-k9.com\/?lang=hu&#8220;][vc_single_image image=&#8220;31358&#8243; img_size=&#8220;medium&#8220; alignment=&#8220;center&#8220; onclick=&#8220;custom_link&#8220; img_link_target=&#8220;_blank&#8220; link=&#8220;https:\/\/www.interquell.de\/&#8220;][vc_single_image image=&#8220;11454&#8243; img_size=&#8220;medium&#8220; onclick=&#8220;custom_link&#8220; img_link_target=&#8220;_blank&#8220; link=&#8220;http:\/\/www.kutyapanzio.com\/&#8220;][vc_single_image image=&#8220;14560&#8243; img_size=&#8220;full&#8220; alignment=&#8220;center&#8220; onclick=&#8220;custom_link&#8220; img_link_target=&#8220;_blank&#8220; link=&#8220;https:\/\/www.doklist.com\/&#8220;][vc_single_image image=&#8220;16936&#8243; img_size=&#8220;medium&#8220; onclick=&#8220;custom_link&#8220; img_link_target=&#8220;_blank&#8220; link=&#8220;http:\/\/www.terapiaazallatokert.hu\/&#8220;][vc_single_image image=&#8220;29195&#8243; img_size=&#8220;full&#8220; alignment=&#8220;center&#8220; onclick=&#8220;custom_link&#8220; img_link_target=&#8220;_blank&#8220; link=&#8220;https:\/\/www.fressnapf.hu\/&#8220;][\/vc_column][vc_column width=&#8220;1\/6&#8243;][vc_single_image image=&#8220;4510&#8243; img_size=&#8220;full&#8220; alignment=&#8220;center&#8220; onclick=&#8220;custom_link&#8220; img_link_target=&#8220;_blank&#8220; link=&#8220;http:\/\/www.lutra.shp.hu\/hpc\/web.php?a=lutra&#8220;][vc_single_image image=&#8220;5013&#8243; img_size=&#8220;medium&#8220; onclick=&#8220;custom_link&#8220; img_link_target=&#8220;_blank&#8220; link=&#8220;http:\/\/www.husse.hu\/foldal\/&#8220;][vc_single_image image=&#8220;6388&#8243; img_size=&#8220;medium&#8220; onclick=&#8220;custom_link&#8220; img_link_target=&#8220;_blank&#8220; link=&#8220;http:\/\/www.vizsla-fans.de\/&#8220;][vc_single_image image=&#8220;16035&#8243; img_size=&#8220;medium&#8220; onclick=&#8220;custom_link&#8220; img_link_target=&#8220;_blank&#8220; link=&#8220;https:\/\/hu.jooble.org\/&#8220;][vc_single_image image=&#8220;17041&#8243; img_size=&#8220;medium&#8220; onclick=&#8220;custom_link&#8220; img_link_target=&#8220;_blank&#8220; link=&#8220;http:\/\/www.allatorvosabc.hu\/biatorbagy\/dr-soos-ferenc-allatorvos.html&#8220;][\/vc_column][vc_column width=&#8220;1\/6&#8243;][vc_single_image image=&#8220;6349&#8243; img_size=&#8220;medium&#8220; onclick=&#8220;custom_link&#8220; img_link_target=&#8220;_blank&#8220; link=&#8220;https:\/\/retrieverhelp.hu\/&#8220;][vc_single_image image=&#8220;5014&#8243; img_size=&#8220;medium&#8220; onclick=&#8220;custom_link&#8220; img_link_target=&#8220;_blank&#8220; link=&#8220;https:\/\/kutyabarathelyek.hu\/hu\/&#8220;][vc_single_image image=&#8220;6341&#8243; img_size=&#8220;medium&#8220; onclick=&#8220;custom_link&#8220; img_link_target=&#8220;_blank&#8220; link=&#8220;https:\/\/www.amarqt.com\/&#8220;][vc_single_image image=&#8220;13253&#8243; img_size=&#8220;medium&#8220; onclick=&#8220;custom_link&#8220; img_link_target=&#8220;_blank&#8220; link=&#8220;https:\/\/pro4pet.eu\/&#8220;][vc_single_image image=&#8220;19511&#8243; img_size=&#8220;medium&#8220; onclick=&#8220;custom_link&#8220; img_link_target=&#8220;_blank&#8220; link=&#8220;http:\/\/www.felicavet.hu\/&#8220;][\/vc_column][vc_column width=&#8220;1\/6&#8243;][vc_single_image image=&#8220;11172&#8243; img_size=&#8220;medium&#8220; onclick=&#8220;custom_link&#8220; img_link_target=&#8220;_blank&#8220; link=&#8220;http:\/\/www.azurkutyaiskola.hu&#8220;][vc_single_image image=&#8220;11174&#8243; img_size=&#8220;medium&#8220; onclick=&#8220;custom_link&#8220; img_link_target=&#8220;_blank&#8220; link=&#8220;http:\/\/csszk.hu\/&#8220;][vc_single_image image=&#8220;6377&#8243; img_size=&#8220;medium&#8220; onclick=&#8220;custom_link&#8220; img_link_target=&#8220;_blank&#8220; link=&#8220;http:\/\/www.noebaratai.com\/&#8220;][vc_single_image image=&#8220;13251&#8243; img_size=&#8220;medium&#8220; onclick=&#8220;custom_link&#8220; img_link_target=&#8220;_blank&#8220; link=&#8220;http:\/\/www.szigetszentmiklosikutyaiskola.hu\/&#8220;][vc_single_image image=&#8220;19474&#8243; img_size=&#8220;medium&#8220; onclick=&#8220;custom_link&#8220; img_link_target=&#8220;_blank&#8220; link=&#8220;https:\/\/www.allatigazolvany.hu\/&#8220;][\/vc_column][vc_column width=&#8220;1\/6&#8243;][vc_single_image image=&#8220;6900&#8243; img_size=&#8220;medium&#8220; onclick=&#8220;custom_link&#8220; img_link_target=&#8220;_blank&#8220; link=&#8220;http:\/\/www.neet.hu\/erdinfo\/index.php?productID=236&#8243;][vc_single_image image=&#8220;10983&#8243; img_size=&#8220;medium&#8220; onclick=&#8220;custom_link&#8220; img_link_target=&#8220;_blank&#8220; link=&#8220;http:\/\/ebugatta.hu\/&#8220;][vc_single_image image=&#8220;11147&#8243; img_size=&#8220;medium&#8220; onclick=&#8220;custom_link&#8220; img_link_target=&#8220;_blank&#8220; link=&#8220;http:\/\/www.hangyakozosseg.hu\/&#8220;][vc_single_image image=&#8220;12490&#8243; img_size=&#8220;medium&#8220; onclick=&#8220;custom_link&#8220; img_link_target=&#8220;_blank&#8220; link=&#8220;http:\/\/liveanimaltransport.org\/indexde.html&#8220;][vc_single_image image=&#8220;19573&#8243; img_size=&#8220;medium&#8220; onclick=&#8220;custom_link&#8220; img_link_target=&#8220;_blank&#8220; link=&#8220;http:\/\/www.piretmix.hu\/&#8220;][\/vc_column][\/vc_row]<\/p>\n<\/div>","protected":false},"excerpt":{"rendered":"<p>[vc_row][vc_column][vc_single_image image=&#8220;20739&#8243; img_size=&#8220;medium&#8220; alignment=&#8220;center&#8220;][\/vc_column][\/vc_row][vc_row margin_top=&#8220;0&#8243; margin_bottom=&#8220;0&#8243;][vc_column][vc_column_text] Hier findest Du eine Seite, wo Du Daten und Bilder von allein gebliebenen, \u00a0streunenden und verwaisten oder sich vor\u00fcbergehend verwaist f\u00fchlenden Hunden siehst. Kontonummer (EUR)\u00a0: HU48 107005126847755850000005 SWIFT : CIBHHUHB Kontonummer (HUF): HU90 10700512-68477558-51100005 \u00dcber uns&#8230; &nbsp; [\/vc_column_text][vc_empty_space height=&#8220;40px&#8220;][\/vc_column][\/vc_row][vc_row margin_top=&#8220;0&#8243; margin_bottom=&#8220;0&#8243;][vc_column][vc_single_image image=&#8220;34032&#8243; img_size=&#8220;medium&#8220; alignment=&#8220;center&#8220; style=&#8220;vc_box_circle_2&#8243; css_animation=&#8220;fadeIn&#8220;][vc_column_text] Adoptiere mich, rette&hellip;<\/p>\n","protected":false},"author":12,"featured_media":0,"parent":0,"menu_order":0,"comment_status":"closed","ping_status":"closed","template":"","meta":{"pgc_sgb_lightbox_settings":"","footnotes":""},"class_list":["post-4974","page","type-page","status-publish","hentry","description-off"],"_links":{"self":[{"href":"https:\/\/ebarvahaz.hu\/de\/wp-json\/wp\/v2\/pages\/4974","targetHints":{"allow":["GET"]}}],"collection":[{"href":"https:\/\/ebarvahaz.hu\/de\/wp-json\/wp\/v2\/pages"}],"about":[{"href":"https:\/\/ebarvahaz.hu\/de\/wp-json\/wp\/v2\/types\/page"}],"author":[{"embeddable":true,"href":"https:\/\/ebarvahaz.hu\/de\/wp-json\/wp\/v2\/users\/12"}],"replies":[{"embeddable":true,"href":"https:\/\/ebarvahaz.hu\/de\/wp-json\/wp\/v2\/comments?post=4974"}],"version-history":[{"count":59,"href":"https:\/\/ebarvahaz.hu\/de\/wp-json\/wp\/v2\/pages\/4974\/revisions"}],"predecessor-version":[{"id":78909,"href":"https:\/\/ebarvahaz.hu\/de\/wp-json\/wp\/v2\/pages\/4974\/revisions\/78909"}],"wp:attachment":[{"href":"https:\/\/ebarvahaz.hu\/de\/wp-json\/wp\/v2\/media?parent=4974"}],"curies":[{"name":"wp","href":"https:\/\/api.w.org\/{rel}","templated":true}]}}