{"id":5040,"date":"2015-08-28T09:15:56","date_gmt":"2015-08-28T09:15:56","guid":{"rendered":"http:\/\/ebarvahaz.original-k9.de\/?page_id=5040"},"modified":"2017-07-05T14:47:34","modified_gmt":"2017-07-05T14:47:34","slug":"kapcsolat-2","status":"publish","type":"page","link":"https:\/\/ebarvahaz.hu\/de\/kapcsolat-2\/","title":{"rendered":"Kontakt"},"content":{"rendered":"<div class=\"wpb-content-wrapper\"><p>[vc_row margin_top=&#8220;0&#8243; margin_bottom=&#8220;0&#8243;][vc_column][vc_gmaps link=&#8220;#E-8_JTNDaWZyYW1lJTIwc3JjJTNEJTIyaHR0cHMlM0ElMkYlMkZ3d3cuZ29vZ2xlLmNvbSUyRm1hcHMlMkZlbWJlZCUzRnBiJTNEJTIxMW0xOCUyMTFtMTIlMjExbTMlMjExZDI3MDEuNjg3MDA4MzE2OTE3JTIxMmQxOC44NjQ2NDcyMTYwMjQzNjYlMjEzZDQ3LjM3OTAyNjk3OTE3MDE4NSUyMTJtMyUyMTFmMCUyMTJmMCUyMTNmMCUyMTNtMiUyMTFpMTAyNCUyMTJpNzY4JTIxNGYxMy4xJTIxM20zJTIxMW0yJTIxMXMweDQ3NDFlMjJmZTg0MzhhY2QlMjUzQTB4NTA4N2YwZWJiYjAxMzg4MCUyMTJ6UldMRG9YSjJZV2pEb1hvJTIxNWUwJTIxM20yJTIxMXNodSUyMTJzaHUlMjE0djE0ODg1NDQ0NDU5MzQlMjIlMjB3aWR0aCUzRCUyMjYwMCUyMiUyMGhlaWdodCUzRCUyMjQ1MCUyMiUyMGZyYW1lYm9yZGVyJTNEJTIyMCUyMiUyMHN0eWxlJTNEJTIyYm9yZGVyJTNBMCUyMiUyMGFsbG93ZnVsbHNjcmVlbiUzRSUzQyUyRmlmcmFtZSUzRQ==&#8220; size=&#8220;400&#8243;][vc_empty_space height=&#8220;50px&#8220;][\/vc_column][\/vc_row][vc_row margin_top=&#8220;0&#8243; margin_bottom=&#8220;0&#8243;][vc_column width=&#8220;1\/2&#8243;][vc_column_text]<\/p>\n<h3 style=\"text-align: center;\">Kontakt<\/h3>\n<p style=\"text-align: center;\">E-mail: <a href=\"mailto:info@ebarvahaz.hu\">info@ebarvahaz.hu<\/a><\/p>\n<p>[\/vc_column_text][vc_empty_space][vc_icon icon_fontawesome=&#8220;fa fa-facebook&#8220; color=&#8220;white&#8220; background_style=&#8220;rounded&#8220; background_color=&#8220;blue&#8220; size=&#8220;xl&#8220; align=&#8220;center&#8220; css_animation=&#8220;bottom-to-top&#8220; link=&#8220;url:https%3A%2F%2Fwww.facebook.com%2Febarvahaz||&#8220;][vc_column_text]<\/p>\n<p style=\"text-align: center;\"><a href=\"https:\/\/www.facebook.com\/ebarvahaz\">https:\/\/www.facebook.com\/ebarvahaz<\/a><\/p>\n<p>[\/vc_column_text][\/vc_column][vc_column width=&#8220;1\/2&#8243;]\n<div class=\"wpcf7 no-js\" id=\"wpcf7-f13057-o1\" lang=\"hu-HU\" dir=\"ltr\" data-wpcf7-id=\"13057\">\n<div class=\"screen-reader-response\"><p role=\"status\" aria-live=\"polite\" aria-atomic=\"true\"><\/p> <ul><\/ul><\/div>\n<form action=\"\/de\/wp-json\/wp\/v2\/pages\/5040#wpcf7-f13057-o1\" method=\"post\" class=\"wpcf7-form init\" aria-label=\"Kapcsolatfelv\u00e9teli \u0171rlap\" novalidate=\"novalidate\" data-status=\"init\">\n<div style=\"display: none;\">\n<input type=\"hidden\" name=\"_wpcf7\" value=\"13057\" \/>\n<input type=\"hidden\" name=\"_wpcf7_version\" value=\"6.0.5\" \/>\n<input type=\"hidden\" name=\"_wpcf7_locale\" value=\"hu_HU\" \/>\n<input type=\"hidden\" name=\"_wpcf7_unit_tag\" value=\"wpcf7-f13057-o1\" \/>\n<input type=\"hidden\" name=\"_wpcf7_container_post\" value=\"0\" \/>\n<input type=\"hidden\" name=\"_wpcf7_posted_data_hash\" value=\"\" \/>\n<\/div>\n<p><label> Name (obligatorisch)<br \/>\n<span class=\"wpcf7-form-control-wrap\" data-name=\"your-name\"><input size=\"40\" maxlength=\"400\" class=\"wpcf7-form-control wpcf7-text wpcf7-validates-as-required\" aria-required=\"true\" aria-invalid=\"false\" value=\"\" type=\"text\" name=\"your-name\" \/><\/span> <\/label>\n<\/p>\n<p><label> Email Addresse (obligatorisch)<br \/>\n<span class=\"wpcf7-form-control-wrap\" data-name=\"your-email\"><input size=\"40\" maxlength=\"400\" class=\"wpcf7-form-control wpcf7-email wpcf7-validates-as-required wpcf7-text wpcf7-validates-as-email\" aria-required=\"true\" aria-invalid=\"false\" value=\"\" type=\"email\" name=\"your-email\" \/><\/span> <\/label>\n<\/p>\n<p><label> Thema<br \/>\n<span class=\"wpcf7-form-control-wrap\" data-name=\"your-subject\"><input size=\"40\" maxlength=\"400\" class=\"wpcf7-form-control wpcf7-text\" aria-invalid=\"false\" value=\"\" type=\"text\" name=\"your-subject\" \/><\/span> <\/label>\n<\/p>\n<p><label> Nachricht<br \/>\n<span class=\"wpcf7-form-control-wrap\" data-name=\"your-message\"><textarea cols=\"40\" rows=\"10\" maxlength=\"2000\" class=\"wpcf7-form-control wpcf7-textarea\" aria-invalid=\"false\" name=\"your-message\"><\/textarea><\/span> <\/label>\n<\/p>\n<p><input class=\"wpcf7-form-control wpcf7-submit has-spinner\" type=\"submit\" value=\"Schicken\" \/>\n<\/p><p style=\"display: none !important;\" class=\"akismet-fields-container\" data-prefix=\"_wpcf7_ak_\"><label>&#916;<textarea name=\"_wpcf7_ak_hp_textarea\" cols=\"45\" rows=\"8\" maxlength=\"100\"><\/textarea><\/label><input type=\"hidden\" id=\"ak_js_1\" name=\"_wpcf7_ak_js\" value=\"170\"\/><script>document.getElementById( \"ak_js_1\" ).setAttribute( \"value\", ( new Date() ).getTime() );<\/script><\/p><div class=\"wpcf7-response-output\" aria-hidden=\"true\"><\/div>\n<\/form>\n<\/div>\n[\/vc_column][\/vc_row][vc_row margin_top=&#8220;0&#8243; margin_bottom=&#8220;0&#8243;][vc_column][vc_empty_space][vc_column_text]<\/p>\n<p>Wenn Du eines der Tiere als das Eigene erkennst, helfen wir Dir dabei, dass Du es findest und nach Hause mitnehmen kannst. Wenn Du m\u00f6chtest, dass eins Dir geh\u00f6rt, helfen wir auch dabei, wir bringen Euch zusammen. Du wei\u00dft es nur noch nicht, eines wartet nur auf Dich, selbst dass erkennen wir fr\u00fcher oder sp\u00e4ter und dann bist Du verloren, du wirst bald ein hoffnungslos gl\u00fccklicher Hundebesitzer\u2026..:-)<\/p>\n<p>[\/vc_column_text][\/vc_column][\/vc_row]<\/p>\n<\/div>","protected":false},"excerpt":{"rendered":"<p>[vc_row margin_top=&#8220;0&#8243; margin_bottom=&#8220;0&#8243;][vc_column][vc_gmaps link=&#8220;#E-8_JTNDaWZyYW1lJTIwc3JjJTNEJTIyaHR0cHMlM0ElMkYlMkZ3d3cuZ29vZ2xlLmNvbSUyRm1hcHMlMkZlbWJlZCUzRnBiJTNEJTIxMW0xOCUyMTFtMTIlMjExbTMlMjExZDI3MDEuNjg3MDA4MzE2OTE3JTIxMmQxOC44NjQ2NDcyMTYwMjQzNjYlMjEzZDQ3LjM3OTAyNjk3OTE3MDE4NSUyMTJtMyUyMTFmMCUyMTJmMCUyMTNmMCUyMTNtMiUyMTFpMTAyNCUyMTJpNzY4JTIxNGYxMy4xJTIxM20zJTIxMW0yJTIxMXMweDQ3NDFlMjJmZTg0MzhhY2QlMjUzQTB4NTA4N2YwZWJiYjAxMzg4MCUyMTJ6UldMRG9YSjJZV2pEb1hvJTIxNWUwJTIxM20yJTIxMXNodSUyMTJzaHUlMjE0djE0ODg1NDQ0NDU5MzQlMjIlMjB3aWR0aCUzRCUyMjYwMCUyMiUyMGhlaWdodCUzRCUyMjQ1MCUyMiUyMGZyYW1lYm9yZGVyJTNEJTIyMCUyMiUyMHN0eWxlJTNEJTIyYm9yZGVyJTNBMCUyMiUyMGFsbG93ZnVsbHNjcmVlbiUzRSUzQyUyRmlmcmFtZSUzRQ==&#8220; size=&#8220;400&#8243;][vc_empty_space height=&#8220;50px&#8220;][\/vc_column][\/vc_row][vc_row margin_top=&#8220;0&#8243; margin_bottom=&#8220;0&#8243;][vc_column width=&#8220;1\/2&#8243;][vc_column_text] Kontakt E-mail: info@ebarvahaz.hu [\/vc_column_text][vc_empty_space][vc_icon icon_fontawesome=&#8220;fa fa-facebook&#8220; color=&#8220;white&#8220; background_style=&#8220;rounded&#8220; background_color=&#8220;blue&#8220; size=&#8220;xl&#8220; align=&#8220;center&#8220; css_animation=&#8220;bottom-to-top&#8220; link=&#8220;url:https%3A%2F%2Fwww.facebook.com%2Febarvahaz||&#8220;][vc_column_text] https:\/\/www.facebook.com\/ebarvahaz [\/vc_column_text][\/vc_column][vc_column width=&#8220;1\/2&#8243;][\/vc_column][\/vc_row][vc_row margin_top=&#8220;0&#8243; margin_bottom=&#8220;0&#8243;][vc_column][vc_empty_space][vc_column_text] Wenn Du eines der Tiere als das Eigene erkennst, helfen wir Dir dabei, dass Du es findest und nach Hause mitnehmen kannst. Wenn Du m\u00f6chtest, dass eins Dir&hellip;<\/p>\n","protected":false},"author":12,"featured_media":0,"parent":0,"menu_order":0,"comment_status":"closed","ping_status":"closed","template":"","meta":{"pgc_sgb_lightbox_settings":"","footnotes":""},"class_list":["post-5040","page","type-page","status-publish","hentry","description-off"],"_links":{"self":[{"href":"https:\/\/ebarvahaz.hu\/de\/wp-json\/wp\/v2\/pages\/5040","targetHints":{"allow":["GET"]}}],"collection":[{"href":"https:\/\/ebarvahaz.hu\/de\/wp-json\/wp\/v2\/pages"}],"about":[{"href":"https:\/\/ebarvahaz.hu\/de\/wp-json\/wp\/v2\/types\/page"}],"author":[{"embeddable":true,"href":"https:\/\/ebarvahaz.hu\/de\/wp-json\/wp\/v2\/users\/12"}],"replies":[{"embeddable":true,"href":"https:\/\/ebarvahaz.hu\/de\/wp-json\/wp\/v2\/comments?post=5040"}],"version-history":[{"count":10,"href":"https:\/\/ebarvahaz.hu\/de\/wp-json\/wp\/v2\/pages\/5040\/revisions"}],"predecessor-version":[{"id":13058,"href":"https:\/\/ebarvahaz.hu\/de\/wp-json\/wp\/v2\/pages\/5040\/revisions\/13058"}],"wp:attachment":[{"href":"https:\/\/ebarvahaz.hu\/de\/wp-json\/wp\/v2\/media?parent=5040"}],"curies":[{"name":"wp","href":"https:\/\/api.w.org\/{rel}","templated":true}]}}