{"id":5075,"date":"2015-08-28T11:26:23","date_gmt":"2015-08-28T11:26:23","guid":{"rendered":"http:\/\/ebarvahaz.original-k9.de\/?page_id=5075"},"modified":"2021-07-12T09:10:08","modified_gmt":"2021-07-12T09:10:08","slug":"5075-2","status":"publish","type":"page","link":"https:\/\/ebarvahaz.hu\/de\/5075-2\/","title":{"rendered":"\u00dcber Uns"},"content":{"rendered":"<div class=\"wpb-content-wrapper\"><p>[vc_row margin_top=&#8220;0&#8243; margin_bottom=&#8220;0&#8243;][vc_column][vc_column_text]<\/p>\n<h1>Der<strong> Verein Hundewaisenhaus<\/strong><\/h1>\n<p><strong>(Eb \u00c1rvah\u00e1z Nonprofit Egyes\u00fclet)<\/strong> wurde Anfang 2014 durch dem Zusammenschluss von Tierfreunden gegr\u00fcndet.[\/vc_column_text][vc_empty_space height=&#8220;50px&#8220;][\/vc_column][\/vc_row][vc_row margin_top=&#8220;0&#8243; margin_bottom=&#8220;0&#8243;][vc_column width=&#8220;2\/3&#8243;][vc_column_text]<br \/>\n[\/vc_column_text][vc_column_text]<\/p>\n<p>Das Vorrangige <strong>Ziel<\/strong> unseres Vereins ist die Rehabilitation von Hunden, die aus Tierheimen, aus T\u00f6tungsanstalten oder direkt von Besitzern zu uns gekommenen, in unsere Obhut genommen worden sind, und dass wir einen neuen Besitzer f\u00fcr sie finden. Des Weiteren ist unsere Aufgabe das F\u00f6rdern der verantwortungsvollen Hundehaltung, die Erh\u00f6hung der Hundehalterkultur in den Medien und im Unterricht durch pers\u00f6nliche Teilnahme.<\/p>\n<p>[\/vc_column_text][\/vc_column][vc_column width=&#8220;1\/3&#8243;][vc_single_image image=&#8220;9395&#8243; img_size=&#8220;medium&#8220; onclick=&#8220;img_link_large&#8220;][\/vc_column][\/vc_row][vc_row margin_top=&#8220;0&#8243; margin_bottom=&#8220;0&#8243;][vc_column][vc_empty_space height=&#8220;20px&#8220;][vc_icon icon_fontawesome=&#8220;fa fa-paw&#8220; color=&#8220;green&#8220; size=&#8220;xl&#8220; align=&#8220;center&#8220; css_animation=&#8220;appear&#8220;][vc_empty_space height=&#8220;20px&#8220;][\/vc_column][\/vc_row][vc_row margin_top=&#8220;0&#8243; margin_bottom=&#8220;0&#8243;][vc_column width=&#8220;1\/3&#8243;][vc_column_text]<\/p>\n<p>Zu unseren <strong>Partnern<\/strong> geh\u00f6ren zahlreiche heimische und ausl\u00e4ndische Tierschutzorganisationen, Tier\u00e4rzte, Hundeschulen, deren T\u00e4tigkeit im gro\u00dfen Ma\u00dfe zu unserem Erfolg beitr\u00e4gt. Grundlage unserer Zusammenarbeit ist die gegenseitige Hilfe, die Verbundenheit mit dem Tierschutz.<\/p>\n<p>[\/vc_column_text][\/vc_column][vc_column width=&#8220;1\/3&#8243;][vc_column_text]<\/p>\n<p>Wir <strong>brauchen<\/strong> solche engagierte Unterst\u00fctzer, die sich beim Spaziergehen, evtl. bei der Ausbildung, vor\u00fcbergehenden Aufnahme der durch uns aufgenommenen Tiere beteiligen. Des Weiteren warten wir auf Unternehmen, die sich eine gemeinsame Marketingkampagne vorstellen k\u00f6nnen, da sie f\u00fcr ihre wirtschaftlichen Interessen die Unterst\u00fctzung solcher gemeinn\u00fctzigen Organisationen interessant finden.<\/p>\n<p>[\/vc_column_text][\/vc_column][vc_column width=&#8220;1\/3&#8243;][vc_column_text]<\/p>\n<p>Alle <strong>Hunde, die wir zur Adoption geben<\/strong>, sind einzigartige Pers\u00f6nlichkeiten und Eigent\u00fcmer eines liebenden Hundeherzens. Sie k\u00f6nnen nach der Unterschrift eines Schenkungsvertrages zum neuen Besitzer \u00fcbergehen. Nichtsdestotrotz genie\u00dfen sie unsere maximale und lebenslange Aufsicht, sie k\u00f6nnen damit rechnen, dass sie auf uns z\u00e4hlen k\u00f6nnen, wenn sie wieder in Schwierigkeiten gelangen. Die Adoption passiert nach den notwendigen Impfungen und Kastration (oder die Verpflichtung dazu), beziehungsweise nach dem Chipen.<\/p>\n<p>[\/vc_column_text][\/vc_column][\/vc_row][vc_row full_width=&#8220;true&#8220; margin_top=&#8220;0&#8243; margin_bottom=&#8220;0&#8243;][vc_column][vc_empty_space height=&#8220;50px&#8220;][\/vc_column][\/vc_row][vc_row full_width=&#8220;true&#8220; margin_top=&#8220;0&#8243; margin_bottom=&#8220;0&#8243; bg_type=&#8220;bg_color&#8220; bg_color_value=&#8220;#89d642&#8243;][vc_column][vc_empty_space height=&#8220;80px&#8220;][vc_column_text]<\/p>\n<h2 style=\"text-align: center;\"><span style=\"color: #ffffff;\">Kontakt<\/span><\/h2>\n<p>[\/vc_column_text][vc_empty_space height=&#8220;80px&#8220;][\/vc_column][\/vc_row][vc_row full_width=&#8220;true&#8220; margin_top=&#8220;0&#8243; margin_bottom=&#8220;0&#8243;][vc_column][vc_empty_space height=&#8220;50px&#8220;][\/vc_column][\/vc_row][vc_row margin_top=&#8220;0&#8243; margin_bottom=&#8220;0&#8243;][vc_column width=&#8220;1\/3&#8243;]<div class=\"standard-arrow bullet-top\"><ul>\n<li><a href=\"http:\/\/www.ebarvahaz.hu\">www.ebarvahaz.hu<\/a><\/li>\n<li><a href=\"http:\/\/www.hundewaisenhaus.de\">www.hundewaisenhaus.de<\/a><\/li>\n<li>email: <a href=\"mailto:info@ebarvahaz.hu\">info@ebarvahaz.hu<\/a><\/li>\n<li><a href=\"https:\/\/www.facebook.com\/ebarvahaz\">https:\/\/www.facebook.com\/ebarvahaz<\/a><\/li>\n<li>Tel:+36-20\/224-6664<\/li>\n<\/ul>\n<\/div>[\/vc_column][vc_column width=&#8220;1\/3&#8243;]<div class=\"standard-arrow bullet-top\"><ul>\n<li>Postadresse: 1027 Budapest F\u0151 utca 79.I.emelet 6\/A.<\/li>\n<li>Registrationsummer: 01-02-0015456<\/li>\n<li>Steuernummer: 18524105-1-41<\/li>\n<li>Kontonummer FT: HU90 10700 512684 77558 51100005<\/li>\n<li>Kontonummer EUR: HU48 10700 512684 77558 50000005<\/li>\n<\/ul>\n<\/div>[\/vc_column][vc_column width=&#8220;1\/3&#8243;][vc_column_text]<\/p>\n<h4>Message:<\/h4>\n<p>[\/vc_column_text]<form class=\"dt-contact-form dt-form\" method=\"post\"><input type=\"hidden\" name=\"widget_id\" value=\"presscore-contact-form-widget--1\" \/><input type=\"hidden\" name=\"send_message\" value=\"\" \/><input type=\"hidden\" name=\"security_token\" value=\"3e47e7c97bb92a7c807d\"\/><div class=\"form-fields\"><span class=\"form-name\"><label class=\"assistive-text\">Name<\/label><input type=\"text\" placeholder=\"Name\" name=\"name\" value=\"\" aria-required=\"false\">\n<\/span><span class=\"form-mail\"><label class=\"assistive-text\">E-Mail *<\/label><input type=\"text\" class=\"validate[required,custom[email]]\" placeholder=\"E-Mail *\" name=\"email\" value=\"\" aria-required=\"true\">\n<\/span><\/div><span class=\"form-message\"><label class=\"assistive-text\">Nachricht *<\/label><textarea class=\"validate[required]\" placeholder=\"Nachricht *\" name=\"message\" rows=\"4\" aria-required=\"true\"><\/textarea>\n<\/span><p><a href=\"#\" class=\"dt-btn dt-btn-m dt-btn-submit\" rel=\"nofollow\"><span>Senden<\/span><\/a><input class=\"assistive-text\" type=\"submit\" value=\"absenden\"><\/p><\/form>\n[\/vc_column][\/vc_row][vc_row margin_top=&#8220;0&#8243; margin_bottom=&#8220;0&#8243;][vc_column][vc_empty_space height=&#8220;50px&#8220;][vc_column_text]<\/p>\n<h1 class=\"entry-title\">Dokumente<\/h1>\n<p>[\/vc_column_text][vc_empty_space height=&#8220;20px&#8220;][\/vc_column][\/vc_row][vc_row margin_top=&#8220;0&#8243; margin_bottom=&#8220;0&#8243;][vc_column width=&#8220;1\/2&#8243;][vc_accordion active_tab=&#8220;false&#8220; collapsible=&#8220;yes&#8220; style=&#8220;2&#8243;][vc_accordion_tab title=&#8220;Eintragung des Gemeinn\u00fctzigen Vereins &#8218;Hundewaisenhaus'&#8220;][vc_column_text]<\/p>\n<p><a href=\"\/wp-content\/uploads\/2015\/09\/beschluss.pdf\" target=\"_blank\" rel=\"noopener noreferrer\">Beschluss<\/a><\/p>\n<p>[\/vc_column_text][\/vc_accordion_tab][vc_accordion_tab title=&#8220;Satzung&#8220;][vc_column_text]<\/p>\n<p><a href=\"\/wp-content\/uploads\/2015\/09\/satzung.pdf\" target=\"_blank\" rel=\"noopener noreferrer\">Gr\u00fcndungsmitgliederversammlung<\/a><\/p>\n<p>[\/vc_column_text][\/vc_accordion_tab][\/vc_accordion][\/vc_column][vc_column width=&#8220;1\/2&#8243;][\/vc_column][\/vc_row][vc_row margin_top=&#8220;0&#8243; margin_bottom=&#8220;0&#8243;][vc_column][vc_empty_space height=&#8220;80px&#8220;]<div class=\"dt-fancy-separator h2-size style-dotted\" style=\"width: 80%;\"><div class=\"dt-fancy-title\"><span class=\"separator-holder separator-left\"><\/span>Team<span class=\"separator-holder separator-right\"><\/span><\/div><\/div>[vc_empty_space height=&#8220;35px&#8220;][\/vc_column][\/vc_row][vc_row][vc_column]<div class=\"wf-container loading-effect-fade-in iso-container bg-under-post description-under-image content-align-centre\" data-padding=\"20px\" data-cur-page=\"1\" data-width=\"370px\" data-columns=\"3\"><div class=\"wf-cell iso-item\" data-post-id=\"13221\" data-date=\"2017-07-12T13:05:44+00:00\" data-name=\"Anik\u00f3 Bakos\">\n\t<div class=\"team-container post-13221 dt_team type-dt_team status-publish has-post-thumbnail hentry bg-on description-off\">\n\n\t\t<div class=\"team-media\"><a href=\"https:\/\/ebarvahaz.hu\/de\/jk9_team\/bakos-aniko\/\" class=\"rollover layzr-bg\"><img fetchpriority=\"high\" decoding=\"async\" class=\"preload-me iso-lazy-load aspect\" src=\"data:image\/svg+xml,%3Csvg%20xmlns%3D&#39;http%3A%2F%2Fwww.w3.org%2F2000%2Fsvg&#39;%20viewBox%3D&#39;0%200%20555%20518&#39;%2F%3E\" data-src=\"https:\/\/www.ebarvahaz.hu\/wp-content\/uploads\/2017\/07\/Ani_2-555x518.jpg\" data-srcset=\"https:\/\/www.ebarvahaz.hu\/wp-content\/uploads\/2017\/07\/Ani_2-555x518.jpg 555w, https:\/\/www.ebarvahaz.hu\/wp-content\/uploads\/2017\/07\/Ani_2.jpg 1110w\" loading=\"eager\" style=\"--ratio: 555 \/ 518\" sizes=\"(max-width: 555px) 100vw, 555px\" width=\"555\" height=\"518\"  title=\"Ani_2\" alt=\"\" \/><\/a><\/div>\n\t\t<div class=\"team-desc\">\n\n\t\t\t<div class=\"team-author\"><div class=\"team-author-name\"><a href=\"https:\/\/ebarvahaz.hu\/de\/jk9_team\/bakos-aniko\/\">Anik\u00f3 Bakos<\/a><\/div><\/div>\n\t\t<\/div>\n\t<\/div><\/div><div class=\"wf-cell iso-item\" data-post-id=\"13240\" data-date=\"2017-07-12T12:55:11+00:00\" data-name=\"Attila N\u00e9meth\">\n\t<div class=\"team-container post-13240 dt_team type-dt_team status-publish has-post-thumbnail hentry bg-on description-off\">\n\n\t\t<div class=\"team-media\"><a href=\"https:\/\/ebarvahaz.hu\/de\/jk9_team\/attila-nemeth\/\" class=\"rollover layzr-bg\"><img decoding=\"async\" class=\"preload-me iso-lazy-load aspect\" src=\"data:image\/svg+xml,%3Csvg%20xmlns%3D&#39;http%3A%2F%2Fwww.w3.org%2F2000%2Fsvg&#39;%20viewBox%3D&#39;0%200%20555%20518&#39;%2F%3E\" data-src=\"https:\/\/www.ebarvahaz.hu\/wp-content\/uploads\/2017\/03\/Attila_2-555x518.jpg\" data-srcset=\"https:\/\/www.ebarvahaz.hu\/wp-content\/uploads\/2017\/03\/Attila_2-555x518.jpg 555w, https:\/\/www.ebarvahaz.hu\/wp-content\/uploads\/2017\/03\/Attila_2.jpg 1110w\" loading=\"eager\" style=\"--ratio: 555 \/ 518\" sizes=\"(max-width: 555px) 100vw, 555px\" width=\"555\" height=\"518\"  title=\"Attila_2\" alt=\"\" \/><\/a><\/div>\n\t\t<div class=\"team-desc\">\n\n\t\t\t<div class=\"team-author\"><div class=\"team-author-name\"><a href=\"https:\/\/ebarvahaz.hu\/de\/jk9_team\/attila-nemeth\/\">Attila N\u00e9meth<\/a><\/div><\/div>\n\t\t<\/div>\n\t<\/div><\/div><div class=\"wf-cell iso-item\" data-post-id=\"13234\" data-date=\"2017-07-12T12:51:52+00:00\" data-name=\"Zs\u00f3fia Nagy Schulczn\u00e9\">\n\t<div class=\"team-container post-13234 dt_team type-dt_team status-publish has-post-thumbnail hentry bg-on description-off\">\n\n\t\t<div class=\"team-media\"><a href=\"https:\/\/ebarvahaz.hu\/de\/jk9_team\/zsofia-nagy-schulczne\/\" class=\"rollover layzr-bg\"><img decoding=\"async\" class=\"preload-me iso-lazy-load aspect\" src=\"data:image\/svg+xml,%3Csvg%20xmlns%3D&#39;http%3A%2F%2Fwww.w3.org%2F2000%2Fsvg&#39;%20viewBox%3D&#39;0%200%20555%20518&#39;%2F%3E\" data-src=\"https:\/\/www.ebarvahaz.hu\/wp-content\/uploads\/2017\/03\/Schulczn\u00e9-Nagy-Zs\u00f3fi_2-555x518.jpg\" data-srcset=\"https:\/\/www.ebarvahaz.hu\/wp-content\/uploads\/2017\/03\/Schulczn\u00e9-Nagy-Zs\u00f3fi_2-555x518.jpg 555w, https:\/\/www.ebarvahaz.hu\/wp-content\/uploads\/2017\/03\/Schulczn\u00e9-Nagy-Zs\u00f3fi_2.jpg 1110w\" loading=\"eager\" style=\"--ratio: 555 \/ 518\" sizes=\"(max-width: 555px) 100vw, 555px\" width=\"555\" height=\"518\"  title=\"Schulczn\u00e9-Nagy-Zs\u00f3fi_2\" alt=\"Schulczn\u00e9 Nagy Zs\u00f3fia \u2013 gondoz\u00f3\" \/><\/a><\/div>\n\t\t<div class=\"team-desc\">\n\n\t\t\t<div class=\"team-author\"><div class=\"team-author-name\"><a href=\"https:\/\/ebarvahaz.hu\/de\/jk9_team\/zsofia-nagy-schulczne\/\">Zs\u00f3fia Nagy Schulczn\u00e9<\/a><\/div><\/div>\n\t\t<\/div>\n\t<\/div><\/div><div class=\"wf-cell iso-item\" data-post-id=\"13226\" data-date=\"2017-07-12T12:43:50+00:00\" data-name=\"Andreas Seifert\">\n\t<div class=\"team-container post-13226 dt_team type-dt_team status-publish has-post-thumbnail hentry bg-on description-off\">\n\n\t\t<div class=\"team-media\"><a href=\"https:\/\/ebarvahaz.hu\/de\/jk9_team\/andreas-seifert\/\" class=\"rollover layzr-bg\"><img decoding=\"async\" class=\"preload-me iso-lazy-load aspect\" src=\"data:image\/svg+xml,%3Csvg%20xmlns%3D&#39;http%3A%2F%2Fwww.w3.org%2F2000%2Fsvg&#39;%20viewBox%3D&#39;0%200%20555%20518&#39;%2F%3E\" data-src=\"https:\/\/www.ebarvahaz.hu\/wp-content\/uploads\/2017\/03\/andeas_seifert_2-555x518.jpg\" data-srcset=\"https:\/\/www.ebarvahaz.hu\/wp-content\/uploads\/2017\/03\/andeas_seifert_2-555x518.jpg 555w, https:\/\/www.ebarvahaz.hu\/wp-content\/uploads\/2017\/03\/andeas_seifert_2.jpg 1110w\" loading=\"eager\" style=\"--ratio: 555 \/ 518\" sizes=\"(max-width: 555px) 100vw, 555px\" width=\"555\" height=\"518\"  title=\"andeas_seifert_2\" alt=\"\" \/><\/a><\/div>\n\t\t<div class=\"team-desc\">\n\n\t\t\t<div class=\"team-author\"><div class=\"team-author-name\"><a href=\"https:\/\/ebarvahaz.hu\/de\/jk9_team\/andreas-seifert\/\">Andreas Seifert<\/a><\/div><\/div>\n\t\t<\/div>\n\t<\/div><\/div><\/div>[\/vc_column][\/vc_row]<\/p>\n<\/div>","protected":false},"excerpt":{"rendered":"<p>[vc_row margin_top=&#8220;0&#8243; margin_bottom=&#8220;0&#8243;][vc_column][vc_column_text] Der Verein Hundewaisenhaus (Eb \u00c1rvah\u00e1z Nonprofit Egyes\u00fclet) wurde Anfang 2014 durch dem Zusammenschluss von Tierfreunden gegr\u00fcndet.[\/vc_column_text][vc_empty_space height=&#8220;50px&#8220;][\/vc_column][\/vc_row][vc_row margin_top=&#8220;0&#8243; margin_bottom=&#8220;0&#8243;][vc_column width=&#8220;2\/3&#8243;][vc_column_text] [\/vc_column_text][vc_column_text] Das Vorrangige Ziel unseres Vereins ist die Rehabilitation von Hunden, die aus Tierheimen, aus T\u00f6tungsanstalten oder direkt von Besitzern zu uns gekommenen, in unsere Obhut genommen worden sind, und dass wir&hellip;<\/p>\n","protected":false},"author":12,"featured_media":0,"parent":0,"menu_order":0,"comment_status":"closed","ping_status":"closed","template":"","meta":{"pgc_sgb_lightbox_settings":"","footnotes":""},"class_list":["post-5075","page","type-page","status-publish","hentry","description-off"],"_links":{"self":[{"href":"https:\/\/ebarvahaz.hu\/de\/wp-json\/wp\/v2\/pages\/5075","targetHints":{"allow":["GET"]}}],"collection":[{"href":"https:\/\/ebarvahaz.hu\/de\/wp-json\/wp\/v2\/pages"}],"about":[{"href":"https:\/\/ebarvahaz.hu\/de\/wp-json\/wp\/v2\/types\/page"}],"author":[{"embeddable":true,"href":"https:\/\/ebarvahaz.hu\/de\/wp-json\/wp\/v2\/users\/12"}],"replies":[{"embeddable":true,"href":"https:\/\/ebarvahaz.hu\/de\/wp-json\/wp\/v2\/comments?post=5075"}],"version-history":[{"count":24,"href":"https:\/\/ebarvahaz.hu\/de\/wp-json\/wp\/v2\/pages\/5075\/revisions"}],"predecessor-version":[{"id":34797,"href":"https:\/\/ebarvahaz.hu\/de\/wp-json\/wp\/v2\/pages\/5075\/revisions\/34797"}],"wp:attachment":[{"href":"https:\/\/ebarvahaz.hu\/de\/wp-json\/wp\/v2\/media?parent=5075"}],"curies":[{"name":"wp","href":"https:\/\/api.w.org\/{rel}","templated":true}]}}