{"id":5078,"date":"2015-08-28T11:27:32","date_gmt":"2015-08-28T11:27:32","guid":{"rendered":"http:\/\/ebarvahaz.original-k9.de\/?page_id=5078"},"modified":"2022-01-25T12:19:44","modified_gmt":"2022-01-25T12:19:44","slug":"setaltass-kutyat","status":"publish","type":"page","link":"https:\/\/ebarvahaz.hu\/de\/setaltass-kutyat\/","title":{"rendered":"S\u00e9t\u00e1ltass kuty\u00e1t!"},"content":{"rendered":"<div class=\"wpb-content-wrapper\"><p>[vc_row margin_top=&#8220;0&#8243; margin_bottom=&#8220;0&#8243; full_width=&#8220;&#8220; padding_left=&#8220;0&#8243; padding_right=&#8220;0&#8243; animation=&#8220;&#8220; type=&#8220;&#8220; bg_color=&#8220;&#8220; bg_position=&#8220;top&#8220; bg_repeat=&#8220;no-repeat&#8220; bg_cover=&#8220;false&#8220; bg_attachment=&#8220;false&#8220; padding_top=&#8220;0&#8243; padding_bottom=&#8220;0&#8243; enable_parallax=&#8220;&#8220; parallax_speed=&#8220;0.1&#8243; bg_video_src_mp4=&#8220;&#8220; bg_video_src_ogv=&#8220;&#8220; bg_video_src_webm=&#8220;&#8220; bg_type=&#8220;&#8220; parallax_style=&#8220;&#8220; bg_image_new=&#8220;&#8220; layer_image=&#8220;&#8220; bg_image_repeat=&#8220;&#8220; bg_image_size=&#8220;&#8220; bg_cstm_size=&#8220;&#8220; bg_img_attach=&#8220;&#8220; parallax_sense=&#8220;&#8220; bg_image_posiiton=&#8220;&#8220; animation_direction=&#8220;&#8220; animation_repeat=&#8220;&#8220; video_url=&#8220;&#8220; video_url_2=&#8220;&#8220; u_video_url=&#8220;&#8220; video_opts=&#8220;&#8220; video_poster=&#8220;&#8220; u_start_time=&#8220;&#8220; u_stop_time=&#8220;&#8220; viewport_vdo=&#8220;&#8220; enable_controls=&#8220;&#8220; bg_override=&#8220;&#8220; disable_on_mobile_img_parallax=&#8220;&#8220; parallax_content=&#8220;&#8220; parallax_content_sense=&#8220;&#8220; fadeout_row=&#8220;&#8220; fadeout_start_effect=&#8220;&#8220; enable_overlay=&#8220;&#8220; overlay_color=&#8220;&#8220; overlay_pattern=&#8220;&#8220; overlay_pattern_opacity=&#8220;&#8220; overlay_pattern_size=&#8220;&#8220; overlay_pattern_attachment=&#8220;&#8220; multi_color_overlay=&#8220;&#8220; multi_color_overlay_opacity=&#8220;&#8220; seperator_enable=&#8220;&#8220; seperator_type=&#8220;&#8220; seperator_position=&#8220;&#8220; seperator_shape_size=&#8220;&#8220; seperator_svg_height=&#8220;&#8220; seperator_shape_background=&#8220;&#8220; seperator_shape_border=&#8220;&#8220; seperator_shape_border_color=&#8220;&#8220; seperator_shape_border_width=&#8220;&#8220; icon_type=&#8220;&#8220; icon=&#8220;&#8220; icon_size=&#8220;&#8220; icon_color=&#8220;&#8220; icon_style=&#8220;&#8220; icon_color_bg=&#8220;&#8220; icon_border_style=&#8220;&#8220; icon_color_border=&#8220;&#8220; icon_border_size=&#8220;&#8220; icon_border_radius=&#8220;&#8220; icon_border_spacing=&#8220;&#8220; icon_img=&#8220;&#8220; img_width=&#8220;&#8220; ult_hide_row=&#8220;&#8220; ult_hide_row_large_screen=&#8220;&#8220; ult_hide_row_desktop=&#8220;&#8220; ult_hide_row_tablet=&#8220;&#8220; ult_hide_row_tablet_small=&#8220;&#8220; ult_hide_row_mobile=&#8220;&#8220; ult_hide_row_mobile_large=&#8220;&#8220;][vc_column width=&#8220;1\/4&#8243; animation=&#8220;&#8220;][vc_column_text css_animation=&#8220;&#8220;] <strong>Nyitvatart\u00e1sunk:<\/strong> H\u00e9tf\u0151 &#8211; 10:00-17:00 Kedd &#8211; 10:00-17:00 Szerda &#8211; 10:00-15:00 Cs\u00fct\u00f6rt\u00f6k &#8211; 10:00-17:00 P\u00e9ntek &#8211; 10:00-17:00 Szombat &#8211; 10:00-15:00 Vas\u00e1rnap &#8211; 10:00-18:00[\/vc_column_text][\/vc_column][vc_column width=&#8220;3\/4&#8243; animation=&#8220;&#8220;][vc_column_text css_animation=&#8220;&#8220;] Szem\u00e9lyesen is megismerhetitek v\u00e9denceinket T\u00e1rnokon. Szerezzetek magatoknak \u00e9s nekik is \u00f6r\u00f6met, szabaduljanak csak fel azok a boldogs\u00e1g hormonok! C\u00edm: T\u00e1rnok, Luk\u00e1cs-k\u00f6z. \/A s\u00f3sk\u00fati \u00fatr\u00f3l az Imre tany\u00e1n\u00e1l kell lekanyarodni.\/ \u00a0 Kapcsol\u00f3d\u00f3 dokumentumok:<\/p>\n<ul>\n<li>S\u00e9t\u00e1ltat\u00e1si rend, alapvet\u0151 szab\u00e1lyok<\/li>\n<li>Hozz\u00e1j\u00e1rul\u00e1s a s\u00e9t\u00e1ltat\u00e1s k\u00f6zbeni k\u00e9p- \u00e9s hangfelv\u00e9telhez<\/li>\n<\/ul>\n<p>[\/vc_column_text][\/vc_column][\/vc_row]<\/p>\n<\/div>","protected":false},"excerpt":{"rendered":"<p>[vc_row margin_top=&#8220;0&#8243; margin_bottom=&#8220;0&#8243; full_width=&#8220;&#8220; padding_left=&#8220;0&#8243; padding_right=&#8220;0&#8243; animation=&#8220;&#8220; type=&#8220;&#8220; bg_color=&#8220;&#8220; bg_position=&#8220;top&#8220; bg_repeat=&#8220;no-repeat&#8220; bg_cover=&#8220;false&#8220; bg_attachment=&#8220;false&#8220; padding_top=&#8220;0&#8243; padding_bottom=&#8220;0&#8243; enable_parallax=&#8220;&#8220; parallax_speed=&#8220;0.1&#8243; bg_video_src_mp4=&#8220;&#8220; bg_video_src_ogv=&#8220;&#8220; bg_video_src_webm=&#8220;&#8220; bg_type=&#8220;&#8220; parallax_style=&#8220;&#8220; bg_image_new=&#8220;&#8220; layer_image=&#8220;&#8220; bg_image_repeat=&#8220;&#8220; bg_image_size=&#8220;&#8220; bg_cstm_size=&#8220;&#8220; bg_img_attach=&#8220;&#8220; parallax_sense=&#8220;&#8220; bg_image_posiiton=&#8220;&#8220; animation_direction=&#8220;&#8220; animation_repeat=&#8220;&#8220; video_url=&#8220;&#8220; video_url_2=&#8220;&#8220; u_video_url=&#8220;&#8220; video_opts=&#8220;&#8220; video_poster=&#8220;&#8220; u_start_time=&#8220;&#8220; u_stop_time=&#8220;&#8220; viewport_vdo=&#8220;&#8220; enable_controls=&#8220;&#8220; bg_override=&#8220;&#8220; disable_on_mobile_img_parallax=&#8220;&#8220; parallax_content=&#8220;&#8220; parallax_content_sense=&#8220;&#8220; fadeout_row=&#8220;&#8220; fadeout_start_effect=&#8220;&#8220; enable_overlay=&#8220;&#8220; overlay_color=&#8220;&#8220; overlay_pattern=&#8220;&#8220; overlay_pattern_opacity=&#8220;&#8220; overlay_pattern_size=&#8220;&#8220; overlay_pattern_attachment=&#8220;&#8220; multi_color_overlay=&#8220;&#8220; multi_color_overlay_opacity=&#8220;&#8220;&hellip;<\/p>\n","protected":false},"author":12,"featured_media":0,"parent":0,"menu_order":0,"comment_status":"closed","ping_status":"closed","template":"","meta":{"pgc_sgb_lightbox_settings":"","footnotes":""},"class_list":["post-5078","page","type-page","status-publish","hentry","description-off"],"_links":{"self":[{"href":"https:\/\/ebarvahaz.hu\/de\/wp-json\/wp\/v2\/pages\/5078","targetHints":{"allow":["GET"]}}],"collection":[{"href":"https:\/\/ebarvahaz.hu\/de\/wp-json\/wp\/v2\/pages"}],"about":[{"href":"https:\/\/ebarvahaz.hu\/de\/wp-json\/wp\/v2\/types\/page"}],"author":[{"embeddable":true,"href":"https:\/\/ebarvahaz.hu\/de\/wp-json\/wp\/v2\/users\/12"}],"replies":[{"embeddable":true,"href":"https:\/\/ebarvahaz.hu\/de\/wp-json\/wp\/v2\/comments?post=5078"}],"version-history":[{"count":1,"href":"https:\/\/ebarvahaz.hu\/de\/wp-json\/wp\/v2\/pages\/5078\/revisions"}],"predecessor-version":[{"id":5079,"href":"https:\/\/ebarvahaz.hu\/de\/wp-json\/wp\/v2\/pages\/5078\/revisions\/5079"}],"wp:attachment":[{"href":"https:\/\/ebarvahaz.hu\/de\/wp-json\/wp\/v2\/media?parent=5078"}],"curies":[{"name":"wp","href":"https:\/\/api.w.org\/{rel}","templated":true}]}}