{"id":5187,"date":"2015-09-03T12:32:18","date_gmt":"2015-09-03T12:32:18","guid":{"rendered":"http:\/\/ebarvahaz.original-k9.de\/?page_id=5187"},"modified":"2015-09-15T06:19:22","modified_gmt":"2015-09-15T06:19:22","slug":"hundeadoption","status":"publish","type":"page","link":"https:\/\/ebarvahaz.hu\/de\/hundeadoption\/","title":{"rendered":"Hundeadoption"},"content":{"rendered":"<p>Minden \u00e1llatv\u00e9d\u0151 egyes\u00fclet \u00f6r\u00f6kbefogad\u00e1si szerz\u0151d\u00e9ssel adja \u00e1t az \u00e1llatokat az \u00faj gazd\u00e1nak. Ez a szerz\u0151d\u00e9s tartalmazza mindazokat, amelyeket az \u00e1llat tart\u00e1s\u00e1val kapcsolatban be kell tartani, ill. amit\u0151l tart\u00f3zkodni kell. Ez a szerz\u0151d\u00e9s nem az\u00e9rt j\u00f6n l\u00e9tre, hogy az \u00faj gazdik kedv\u00e9t elvegye b\u00e1rki az \u00e1llatart\u00e1st\u00f3l, hanem az\u00e9rt, hogy az \u00e1llat \u00e9rdekeit k\u00e9pviselje. \u00c9s aki \u00e1llatot szeretne, annak maxim\u00e1lisan egyet kell \u00e9rtenie azzal, hogy a biztons\u00e1guk\u00e9rt mindent meg kell tenni. T\u00f6bbf\u00e9le nyomtatv\u00e1nyt haszn\u00e1lnak az egyes\u00fcletek, itt megpr\u00f3b\u00e1ltuk \u00f6sszegy\u0171jteni a leg\u00e1ltal\u00e1nosabb pontokat. Az Eb \u00f6r\u00f6kbefogad\u00e1sa c\u00e9lj\u00e1b\u00f3l megk\u00f6t\u00f6tt aj\u00e1nd\u00e9koz\u00e1si szerz\u0151d\u00e9st itt megtekintheti illetve let\u00f6ltheti: <a href=\"http:\/\/www.ebarvahaz.hu\/wp-content\/uploads\/2013\/10\/orokbefogadasi-szerzodes.pdf\">http:\/\/www.ebarvahaz.hu\/wp-content\/uploads\/2013\/10\/orokbefogadasi-szerzodes.pdf<\/a><\/p>\n","protected":false},"excerpt":{"rendered":"<p>Minden \u00e1llatv\u00e9d\u0151 egyes\u00fclet \u00f6r\u00f6kbefogad\u00e1si szerz\u0151d\u00e9ssel adja \u00e1t az \u00e1llatokat az \u00faj gazd\u00e1nak. Ez a szerz\u0151d\u00e9s tartalmazza mindazokat, amelyeket az \u00e1llat tart\u00e1s\u00e1val kapcsolatban be kell tartani, ill. amit\u0151l tart\u00f3zkodni kell. Ez a szerz\u0151d\u00e9s nem az\u00e9rt j\u00f6n l\u00e9tre, hogy az \u00faj gazdik kedv\u00e9t elvegye b\u00e1rki az \u00e1llatart\u00e1st\u00f3l, hanem az\u00e9rt, hogy az \u00e1llat \u00e9rdekeit k\u00e9pviselje. \u00c9s aki \u00e1llatot&hellip;<\/p>\n","protected":false},"author":7,"featured_media":0,"parent":0,"menu_order":0,"comment_status":"closed","ping_status":"closed","template":"","meta":{"pgc_sgb_lightbox_settings":"","footnotes":""},"class_list":["post-5187","page","type-page","status-publish","hentry","description-off"],"_links":{"self":[{"href":"https:\/\/ebarvahaz.hu\/de\/wp-json\/wp\/v2\/pages\/5187","targetHints":{"allow":["GET"]}}],"collection":[{"href":"https:\/\/ebarvahaz.hu\/de\/wp-json\/wp\/v2\/pages"}],"about":[{"href":"https:\/\/ebarvahaz.hu\/de\/wp-json\/wp\/v2\/types\/page"}],"author":[{"embeddable":true,"href":"https:\/\/ebarvahaz.hu\/de\/wp-json\/wp\/v2\/users\/7"}],"replies":[{"embeddable":true,"href":"https:\/\/ebarvahaz.hu\/de\/wp-json\/wp\/v2\/comments?post=5187"}],"version-history":[{"count":1,"href":"https:\/\/ebarvahaz.hu\/de\/wp-json\/wp\/v2\/pages\/5187\/revisions"}],"predecessor-version":[{"id":5188,"href":"https:\/\/ebarvahaz.hu\/de\/wp-json\/wp\/v2\/pages\/5187\/revisions\/5188"}],"wp:attachment":[{"href":"https:\/\/ebarvahaz.hu\/de\/wp-json\/wp\/v2\/media?parent=5187"}],"curies":[{"name":"wp","href":"https:\/\/api.w.org\/{rel}","templated":true}]}}