{"id":7257,"date":"2016-02-12T11:39:21","date_gmt":"2016-02-12T11:39:21","guid":{"rendered":"http:\/\/hundewaisenhaus.de\/?page_id=7257"},"modified":"2017-11-27T09:42:35","modified_gmt":"2017-11-27T09:42:35","slug":"virtuelle-adoption","status":"publish","type":"page","link":"https:\/\/ebarvahaz.hu\/de\/virtuelle-adoption\/","title":{"rendered":"Virtuelle Adoption"},"content":{"rendered":"<div class=\"wpb-content-wrapper\"><p>[vc_row margin_top=&#8220;0&#8243; margin_bottom=&#8220;0&#8243;][vc_column width=&#8220;1\/4&#8243;][vc_icon icon_fontawesome=&#8220;fa fa-paw&#8220; color=&#8220;peacoc&#8220; size=&#8220;xl&#8220; align=&#8220;right&#8220;][\/vc_column][vc_column width=&#8220;3\/4&#8243;][vc_column_text]<\/p>\n<h1>Virtuelle Adoption<\/h1>\n<p>[\/vc_column_text][\/vc_column][\/vc_row][vc_row margin_top=&#8220;0&#8243; margin_bottom=&#8220;0&#8243;][vc_column][vc_empty_space height=&#8220;10px&#8220;]<div class=\"hr-thin style-dashed\" style=\"width: 80%;border-top-width: 1px;\"><\/div>[vc_empty_space height=&#8220;50px&#8220;][vc_column_text]Wenn Du gerne ein Sch\u00fctzling aus dem Hundewaisenhaus adoptieren w\u00fcrdest aber Du hast keine M\u00f6glichkeiten den Hund zu Dir zu holen, kannst Du denjenigen virtuell unterst\u00fctzen!<\/p>\n<p>Es warten sehr viele, sch\u00f6ne und liebe Hunde auf Traumfamilie.[\/vc_column_text][vc_empty_space]<section class=\"shortcode-action-box box-style-table shortcode-action-bg block-style-widget no-line\"><div class=\"text-big\"><div class=\"gap\" style=\"line-height: 0px; height: 0px;\"><\/div>Schau Dich mal um und suche den aus, der f\u00fcr Dich pers\u00f6nlich am liebsten erscheint.<\/p>\n<div class=\"gap\" style=\"line-height: 10px; height: 10px;\"><\/div>Du kannst monatlich eine kleine Summe direkt f\u00fcr ihn zur Verf\u00fcgung stellen, sei es f\u00fcr Futter, f\u00fcr \u00e4rztliche Versorgung, oder f\u00fcr Unterbringung. Nat\u00fcrlich w\u00e4re es sch\u00f6n, wenn Du ihn besuchen und ab und zu auf eine Spaziergang mitnehmen k\u00f6nntest, aber wenn Du weit weg bist, ist es keine Vorausetzung.<\/p>\n<p>&nbsp;<\/p>\n<\/div><div class=\"shortcode-action-container action-button\"><a href=\"https:\/\/www.facebook.com\/media\/set\/?set=a.573201682833389.1073742270.230622897091271&amp;type=3\" class=\"btn-shortcode dt-btn-m dt-btn default-btn-color default-btn-hover-color default-btn-bg-color default-btn-bg-hover-color\" target=\"_blank\" id=\"dt-btn-1\" rel=\"noopener\"><span>Unsere Hunde im\u00a0Facebook<\/span><\/a><\/div><\/section>[vc_empty_space][vc_column_text]So bald der Hund eine Familie findet und vermittelt wird, verst\u00e4ndigen wir Dich nat\u00fcrlich sofort.<\/p>\n<p>Anmeldungen bitte auf folgende email Adresse zu senden: <a href=\"mailto:info@ebarvahaz.hu\">info@ebarvahaz.hu<\/a> . Bitte schreibt Ihr Euren Namen, welchen Hund Ihr unterst\u00fctzen wollt und mit welcher Summe monatlich.<br \/>\nWir hoffen es sehr, dass auf dieser Weise m\u00f6glichst viele unserer Sch\u00fctzlinge ein besseres Leben gesichert bekommt.<\/p>\n<p>Die Virtuelle Besitzer werden auf unsere Webseite und Facebook auch ver\u00f6ffentlicht.<\/p>\n<p>Du kannst gerne die Unterstz\u00fctzung per \u00dcberweisung, \u00fcber unsere Bankkarten- Spenderfl\u00e4che oder gerne auch pers\u00f6nlich.<\/p>\n<p>Spenden Sie mit PayPal! Danke!<\/p>\n<form action=\"https:\/\/www.paypal.com\/cgi-bin\/webscr\" method=\"post\" target=\"_top\"><input name=\"cmd\" type=\"hidden\" value=\"_s-xclick\" \/><br \/>\n<input name=\"hosted_button_id\" type=\"hidden\" value=\"W9U5X3QV5WMPL\" \/><br \/>\n<input alt=\"PayPal - The safer, easier way to pay online!\" name=\"submit\" src=\"https:\/\/www.paypalobjects.com\/en_US\/i\/btn\/btn_donateCC_LG.gif\" type=\"image\" \/><br \/>\n<img loading=\"lazy\" decoding=\"async\" src=\"https:\/\/www.paypalobjects.com\/hu_HU\/i\/scr\/pixel.gif\" alt=\"\" width=\"1\" height=\"1\" border=\"0\" \/><\/form>\n<p><strong>Kontonummer HUF:<br \/>\nHU90 10700512-68477558-51100005<\/strong><\/p>\n<p>f\u00fcr \u00dcberwesungen aus dem Ausland:<br \/>\n<strong>Kontonummer EUR:<br \/>\nHU48 1070-0512-6847-7558-5000-0005<\/strong><br \/>\nSWIFT: CIBHHUHB<br \/>\nCIB Bank[\/vc_column_text][\/vc_column][\/vc_row]<\/p>\n<\/div>","protected":false},"excerpt":{"rendered":"<p>[vc_row margin_top=&#8220;0&#8243; margin_bottom=&#8220;0&#8243;][vc_column width=&#8220;1\/4&#8243;][vc_icon icon_fontawesome=&#8220;fa fa-paw&#8220; color=&#8220;peacoc&#8220; size=&#8220;xl&#8220; align=&#8220;right&#8220;][\/vc_column][vc_column width=&#8220;3\/4&#8243;][vc_column_text] Virtuelle Adoption [\/vc_column_text][\/vc_column][\/vc_row][vc_row margin_top=&#8220;0&#8243; margin_bottom=&#8220;0&#8243;][vc_column][vc_empty_space height=&#8220;10px&#8220;][vc_empty_space height=&#8220;50px&#8220;][vc_column_text]Wenn Du gerne ein Sch\u00fctzling aus dem Hundewaisenhaus adoptieren w\u00fcrdest aber Du hast keine M\u00f6glichkeiten den Hund zu Dir zu holen, kannst Du denjenigen virtuell unterst\u00fctzen! Es warten sehr viele, sch\u00f6ne und liebe Hunde auf Traumfamilie.[\/vc_column_text][vc_empty_space][vc_empty_space][vc_column_text]So bald der Hund&hellip;<\/p>\n","protected":false},"author":7,"featured_media":0,"parent":0,"menu_order":0,"comment_status":"closed","ping_status":"closed","template":"","meta":{"pgc_sgb_lightbox_settings":"","footnotes":""},"class_list":["post-7257","page","type-page","status-publish","hentry","description-off"],"_links":{"self":[{"href":"https:\/\/ebarvahaz.hu\/de\/wp-json\/wp\/v2\/pages\/7257","targetHints":{"allow":["GET"]}}],"collection":[{"href":"https:\/\/ebarvahaz.hu\/de\/wp-json\/wp\/v2\/pages"}],"about":[{"href":"https:\/\/ebarvahaz.hu\/de\/wp-json\/wp\/v2\/types\/page"}],"author":[{"embeddable":true,"href":"https:\/\/ebarvahaz.hu\/de\/wp-json\/wp\/v2\/users\/7"}],"replies":[{"embeddable":true,"href":"https:\/\/ebarvahaz.hu\/de\/wp-json\/wp\/v2\/comments?post=7257"}],"version-history":[{"count":11,"href":"https:\/\/ebarvahaz.hu\/de\/wp-json\/wp\/v2\/pages\/7257\/revisions"}],"predecessor-version":[{"id":15955,"href":"https:\/\/ebarvahaz.hu\/de\/wp-json\/wp\/v2\/pages\/7257\/revisions\/15955"}],"wp:attachment":[{"href":"https:\/\/ebarvahaz.hu\/de\/wp-json\/wp\/v2\/media?parent=7257"}],"curies":[{"name":"wp","href":"https:\/\/api.w.org\/{rel}","templated":true}]}}