{"id":63184,"date":"2022-04-21T09:36:54","date_gmt":"2022-04-21T09:36:54","guid":{"rendered":"https:\/\/ebarvahaz.hu\/?page_id=63184"},"modified":"2022-04-21T09:36:54","modified_gmt":"2022-04-21T09:36:54","slug":"walk-a-dog","status":"publish","type":"page","link":"https:\/\/ebarvahaz.hu\/en\/walk-a-dog\/","title":{"rendered":"WALK A DOG!"},"content":{"rendered":"<div class=\"wpb-content-wrapper\"><p>[vc_row][vc_column][vc_single_image image=&#8221;63031&#8243; img_size=&#8221;medium&#8221; alignment=&#8221;center&#8221; style=&#8221;vc_box_border&#8221;][\/vc_column][\/vc_row][vc_row][vc_column width=&#8221;1\/4&#8243;][vc_column_text]<strong>Dog walking days:<\/strong><\/p>\n<p>Monday \u2013 09:00-14:30<br \/>\nTuesday \u2013 09:00-14:30<br \/>\nWednesday \u2013 09:00-14:30<br \/>\nThursday \u2013 09:00-14:30<br \/>\nFriday \u2013 09:00-14:30<br \/>\nSaturday \u2013 09:00-14:30<br \/>\nSunday \u2013 09:00-14:30[\/vc_column_text][\/vc_column][vc_column width=&#8221;3\/4&#8243;][vc_column_text]<strong>Dear dog walkers,<\/strong><\/p>\n<p>We can still welcome a LIMITED number of enthusiastic volunteers and walkers.<br \/>\nEarly each week, we post the walking days of the week on our Facebook page \u2013 <a href=\"https:\/\/www.facebook.com\/ebarvahaz\/\">https:\/\/www.facebook.com\/ebarvahaz\/<\/a> \u2013 Please follow our page to see the current events.<br \/>\nWhat we provide: Hand disinfectant, disinfected leashes and doggies that love walking more than you could imagine!<br \/>\nIf you\u2019d like to participate, please click on the I\u2019LL BE THERE button, and please also contact us via Messenger if you want to come!<\/p>\n<p>If you eventually can\u2019t come to the dog walking day for some reason, please let us know in advance! Thank you!<\/p>\n<p><strong>If you come to adopt, please arrive at the pre-agreed time! Thank you!<\/strong><\/p>\n<p>&nbsp;<\/p>\n<p>You can meet the doggies personally in T\u00e1rnok. Bring joy to them and to yourselves, too! Let those happiness hormones be released!<\/p>\n<p>Address: T\u00e1rnok, Luk\u00e1cs-k\u00f6z 5., N\u00e9meth Stable\/ Turn from S\u00f3sk\u00fat Road at Imre Farm.\/<\/p>\n<p>&nbsp;<\/p>\n<p>Contact:<br \/>\n<a href=\"http:\/\/www.ebarvahaz.hu\/?fbclid=IwAR0s3G3ALRWV6xahNTi_MInWzU4C3LqYBy3SHSqlLjw3piBTqzNVzRxguwY\">www.ebarvahaz.hu<\/a><br \/>\n<a href=\"http:\/\/www.hundewaisenhaus.de\/?fbclid=IwAR3LCHAjziudi2vJgha1WskqzWoIt_TxhLupC5uGLFEt9qJAIhdzuen8XKA\">www.hundewaisenhaus.de<\/a><br \/>\n<a href=\"https:\/\/www.facebook.com\/ebarvahaz\/?__cft__%5b0%5d=AZXkubuKxY5xzWT5qS3cuO0RMn4kaLgyicR1PlevkvbDDwuuN1ttzbI1tZZZx-jIn2TuRAkkHsjHAP3Y19EDtCkdOPdb35uUXTjS3mA6kBMa5A0aB--KRlbx2BKT70zxLoUUiRyRXTEDjue9vJdMpYor&amp;__tn__=q\">https:\/\/www.facebook.com\/ebarvahaz<\/a><\/p>\n<p>email: info@ebarvahaz.hu<\/p>\n<p>Phone number:<br \/>\n+36-20314-1003<br \/>\n+36-20224-6664<\/p>\n<p>&nbsp;<\/p>\n<p>Related documents:<\/p>\n<ul>\n<li><a href=\"http:\/\/gallery.site.hu\/d\/30235968-1\/Setaltatasi_rend-_alapszabalyok_2019_07_01.pdf\">Walking regulations, basic rules<\/a><\/li>\n<li><a href=\"http:\/\/gallery.site.hu\/d\/24577717-1\/Kepfelvetel-_Nyilatkozat.pdf\">Consent form to photo, video and voice recording during walking<\/a><\/li>\n<\/ul>\n<p>[\/vc_column_text][\/vc_column][\/vc_row][vc_row][vc_column][vc_gmaps link=&#8221;#E-8_JTNDaWZyYW1lJTIwc3JjJTNEJTIyaHR0cHMlM0ElMkYlMkZ3d3cuZ29vZ2xlLmNvbSUyRm1hcHMlMkZlbWJlZCUzRnBiJTNEJTIxMW0xOCUyMTFtMTIlMjExbTMlMjExZDI3MDEuNjg3MDA4MzE2OTE3JTIxMmQxOC44NjQ2NDcyMTYwMjQzNjYlMjEzZDQ3LjM3OTAyNjk3OTE3MDE4NSUyMTJtMyUyMTFmMCUyMTJmMCUyMTNmMCUyMTNtMiUyMTFpMTAyNCUyMTJpNzY4JTIxNGYxMy4xJTIxM20zJTIxMW0yJTIxMXMweDQ3NDFlMjJmZTg0MzhhY2QlMjUzQTB4NTA4N2YwZWJiYjAxMzg4MCUyMTJ6UldMRG9YSjJZV2pEb1hvJTIxNWUwJTIxM20yJTIxMXNodSUyMTJzaHUlMjE0djE0ODg1NDQ0NDU5MzQlMjIlMjB3aWR0aCUzRCUyMjYwMCUyMiUyMGhlaWdodCUzRCUyMjQ1MCUyMiUyMGZyYW1lYm9yZGVyJTNEJTIyMCUyMiUyMHN0eWxlJTNEJTIyYm9yZGVyJTNBMCUyMiUyMGFsbG93ZnVsbHNjcmVlbiUzRSUzQyUyRmlmcmFtZSUzRQ==&#8221; size=&#8221;400&#8243;][\/vc_column][\/vc_row]<\/p>\n<\/div>","protected":false},"excerpt":{"rendered":"<p>[vc_row][vc_column][vc_single_image image=&#8221;63031&#8243; img_size=&#8221;medium&#8221; alignment=&#8221;center&#8221; style=&#8221;vc_box_border&#8221;][\/vc_column][\/vc_row][vc_row][vc_column width=&#8221;1\/4&#8243;][vc_column_text]Dog walking days: Monday \u2013 09:00-14:30 Tuesday \u2013 09:00-14:30 Wednesday \u2013 09:00-14:30 Thursday \u2013 09:00-14:30 Friday \u2013 09:00-14:30 Saturday \u2013 09:00-14:30 Sunday \u2013 09:00-14:30[\/vc_column_text][\/vc_column][vc_column width=&#8221;3\/4&#8243;][vc_column_text]Dear dog walkers, We can still welcome a LIMITED number of enthusiastic volunteers and walkers. Early each week, we post the walking days of the week&hellip;<\/p>\n","protected":false},"author":12,"featured_media":0,"parent":0,"menu_order":0,"comment_status":"closed","ping_status":"closed","template":"","meta":{"pgc_sgb_lightbox_settings":"","footnotes":""},"class_list":["post-63184","page","type-page","status-publish","hentry","description-off"],"_links":{"self":[{"href":"https:\/\/ebarvahaz.hu\/en\/wp-json\/wp\/v2\/pages\/63184","targetHints":{"allow":["GET"]}}],"collection":[{"href":"https:\/\/ebarvahaz.hu\/en\/wp-json\/wp\/v2\/pages"}],"about":[{"href":"https:\/\/ebarvahaz.hu\/en\/wp-json\/wp\/v2\/types\/page"}],"author":[{"embeddable":true,"href":"https:\/\/ebarvahaz.hu\/en\/wp-json\/wp\/v2\/users\/12"}],"replies":[{"embeddable":true,"href":"https:\/\/ebarvahaz.hu\/en\/wp-json\/wp\/v2\/comments?post=63184"}],"version-history":[{"count":1,"href":"https:\/\/ebarvahaz.hu\/en\/wp-json\/wp\/v2\/pages\/63184\/revisions"}],"predecessor-version":[{"id":63190,"href":"https:\/\/ebarvahaz.hu\/en\/wp-json\/wp\/v2\/pages\/63184\/revisions\/63190"}],"wp:attachment":[{"href":"https:\/\/ebarvahaz.hu\/en\/wp-json\/wp\/v2\/media?parent=63184"}],"curies":[{"name":"wp","href":"https:\/\/api.w.org\/{rel}","templated":true}]}}